{"id":3588,"date":"2019-06-27T12:43:06","date_gmt":"2019-06-27T12:43:06","guid":{"rendered":"http:\/\/inspirythemesdemo.com\/realplaces\/?page_id=3580"},"modified":"2019-06-27T12:43:06","modified_gmt":"2019-06-27T12:43:06","slug":"preguntas-frecuentes","status":"publish","type":"page","link":"https:\/\/ejidocapital.bcardmexico.com\/index.php\/preguntas-frecuentes\/","title":{"rendered":"Preguntas Frecuentes"},"content":{"rendered":"            <div class=\"qae-faqs-container qae-faqs-toggle-container\">\n\t\t\t\t\t\t<div id=\"qaef-5102\" class=\"qe-faq-toggle \">\n\t\t\t<div class=\"qe-toggle-title\">\n\t\t\t\t<h4>\n\t\t\t\t\t<i class=\"fa fa-minus-circle\"><\/i> \u00bfEn qu\u00e9 se fijan los compradores de una casa?\t\t\t\t<\/h4>\n\t\t\t<\/div>\n\t\t\t<div class=\"qe-toggle-content\">\n\t\t\t\t\n<p>A la hora de comprar una casa, existen varios aspectos que los compradores consideran clave para tomar una decisi\u00f3n informada. Si bien cada persona puede tener preferencias y necesidades espec\u00edficas, hay tres lugares en una casa que suelen destacar por su importancia y que suelen influir en la decisi\u00f3n de compra. Estos lugares son la cocina, el ba\u00f1o principal y el dormitorio principal.<\/p>\n\n\n\n<p>La cocina: el coraz\u00f3n del hogar<\/p>\n\n\n\n<p>La cocina es uno de los lugares m\u00e1s importantes de una casa, ya que es el coraz\u00f3n del hogar donde se preparan las comidas y se comparten momentos en familia. Al buscar una casa, los compradores suelen prestar mucha atenci\u00f3n a este espacio, buscando un \u00e1rea funcional, bien distribuida y equipada con electrodom\u00e9sticos modernos y de calidad. Una cocina actualizada y bien dise\u00f1ada puede aumentar significativamente el atractivo de una casa y su valor en el mercado.<\/p>\n\n\n\n<p>Como recomendaci\u00f3n, al momento de mostrar tu casa, mant\u00e9n el orden del lugar, no tengas trastes sucios, cuida que las llaves de agua no goteen, conserva limpios los&nbsp;<a href=\"https:\/\/franquiciaalfa.com\/alfa-en-los-medios\/la-importancia-del-home-staging-5-trucos-para-una-presentacion-que-venda\/\">espacios y rincones<\/a>&nbsp;y, sobre todo, evita malos olores. En la neuroinmobiliaria, los aromas son claves para aceptar o rechazar una casa<\/p>\n\t\t\t<\/div>\n\t\t<\/div>\n\t\t\t\t<div id=\"qaef-5101\" class=\"qe-faq-toggle \">\n\t\t\t<div class=\"qe-toggle-title\">\n\t\t\t\t<h4>\n\t\t\t\t\t<i class=\"fa fa-minus-circle\"><\/i> \u00bfC\u00f3mo preparar una casa para la venta?\t\t\t\t<\/h4>\n\t\t\t<\/div>\n\t\t\t<div class=\"qe-toggle-content\">\n\t\t\t\t\n<p>Preparar tu casa para la venta es un paso crucial para garantizar que atraigas compradores potenciales y se venda al mejor precio posible. Este proceso va m\u00e1s all\u00e1 de solo limpiar; implica mejorar la apariencia, funcionalidad y atractivo general de la propiedad.&nbsp;<\/p>\n\n\n\n<h2 class=\"wp-block-heading\">Consejos para maximizar su valor<\/h2>\n\n\n\n<p><strong>1. Realiza una limpieza profunda<\/strong><\/p>\n\n\n\n<p>Una casa limpia causa una excelente primera impresi\u00f3n. Antes de recibir a compradores potenciales, realiza una limpieza a fondo de cada rinc\u00f3n:<\/p>\n\n\n\n<ul class=\"wp-block-list\">\n<li>Lava ventanas y puertas para permitir que entre m\u00e1s luz natural.<\/li>\n\n\n\n<li>Aspira o lava alfombras y tapicer\u00edas.<\/li>\n\n\n\n<li>Limpia ba\u00f1os y cocina con especial atenci\u00f3n a azulejos, grifos y electrodom\u00e9sticos.<\/li>\n<\/ul>\n\n\n\n<p>Si es necesario, considera contratar un servicio profesional de limpieza para garantizar que todo est\u00e9 impecable.<\/p>\n\t\t\t<\/div>\n\t\t<\/div>\n\t\t\t\t<div id=\"qaef-5099\" class=\"qe-faq-toggle \">\n\t\t\t<div class=\"qe-toggle-title\">\n\t\t\t\t<h4>\n\t\t\t\t\t<i class=\"fa fa-minus-circle\"><\/i> \u00bfCasa o departamento?\t\t\t\t<\/h4>\n\t\t\t<\/div>\n\t\t\t<div class=\"qe-toggle-content\">\n\t\t\t\t\n<p>Elegir entre&nbsp;<a href=\"https:\/\/www.alfamexico.com\/comprar\/\"><strong>comprar casa o departamento<\/strong><\/a>&nbsp;es una decisi\u00f3n importante que puede influir significativamente en tu calidad de vida. Esta elecci\u00f3n depender\u00e1 de varios factores personales como tu estilo de vida, presupuesto y ubicaci\u00f3n.&nbsp;<\/p>\n\n\n\n<p>Cada opci\u00f3n tiene ventajas y desventajas que se adaptan a distintas necesidades, por lo que es esencial analizar qu\u00e9 se ajusta mejor a tus prioridades.<\/p>\n\n\n\n<p><strong>Comparaci\u00f3n general: Casa vs departamento<\/strong><\/p>\n\n\n\n<figure class=\"wp-block-table\"><table class=\"has-fixed-layout\"><tbody><tr><td><strong>Criterio<\/strong><\/td><td><strong>Casa<\/strong><\/td><td><strong>Departamento<\/strong><\/td><\/tr><tr><td>Espacio<\/td><td><br>Mayor espacio, ideal para familias grandes o mascotas.<\/td><td>M\u00e1s limitado, adecuado para parejas o solteros.<\/td><\/tr><tr><td><br>Costo de adquisici\u00f3n<\/td><td><br>Generalmente m\u00e1s elevado.<\/td><td><br>M\u00e1s accesible para compradores primerizos.<\/td><\/tr><tr><td><br>Costo de mantenimiento<\/td><td><br>Altos costos, a cargo del propietario.<\/td><td><br>Mantenimiento compartido o incluido en cuotas.<\/td><\/tr><tr><td><br>Seguridad<\/td><td><br>Menor vigilancia, depende de la zona.<\/td><td><br>Alta seguridad con acceso controlado y c\u00e1maras.<\/td><\/tr><tr><td><br>Ubicaci\u00f3n<\/td><td><br>Zonas m\u00e1s alejadas de \u00e1reas c\u00e9ntricas.<\/td><td><br>Ubicaciones c\u00e9ntricas y con acceso a servicios.<\/td><\/tr><\/tbody><\/table><\/figure>\n\t\t\t<\/div>\n\t\t<\/div>\n\t\t            <\/div>\n\t\t\n","protected":false},"excerpt":{"rendered":"","protected":false},"author":1,"featured_media":0,"parent":0,"menu_order":0,"comment_status":"closed","ping_status":"closed","template":"","meta":{"footnotes":""},"class_list":["post-3588","page","type-page","status-publish","hentry"],"_links":{"self":[{"href":"https:\/\/ejidocapital.bcardmexico.com\/index.php\/wp-json\/wp\/v2\/pages\/3588","targetHints":{"allow":["GET"]}}],"collection":[{"href":"https:\/\/ejidocapital.bcardmexico.com\/index.php\/wp-json\/wp\/v2\/pages"}],"about":[{"href":"https:\/\/ejidocapital.bcardmexico.com\/index.php\/wp-json\/wp\/v2\/types\/page"}],"author":[{"embeddable":true,"href":"https:\/\/ejidocapital.bcardmexico.com\/index.php\/wp-json\/wp\/v2\/users\/1"}],"replies":[{"embeddable":true,"href":"https:\/\/ejidocapital.bcardmexico.com\/index.php\/wp-json\/wp\/v2\/comments?post=3588"}],"version-history":[{"count":0,"href":"https:\/\/ejidocapital.bcardmexico.com\/index.php\/wp-json\/wp\/v2\/pages\/3588\/revisions"}],"wp:attachment":[{"href":"https:\/\/ejidocapital.bcardmexico.com\/index.php\/wp-json\/wp\/v2\/media?parent=3588"}],"curies":[{"name":"wp","href":"https:\/\/api.w.org\/{rel}","templated":true}]}}